{"id":738,"date":"2021-03-23T21:31:16","date_gmt":"2021-03-23T20:31:16","guid":{"rendered":"https:\/\/hh.saettler.it\/?page_id=738"},"modified":"2021-04-19T17:58:20","modified_gmt":"2021-04-19T15:58:20","slug":"unser-hof","status":"publish","type":"page","link":"https:\/\/haider-hof.de\/?page_id=738","title":{"rendered":"Unser Hof"},"content":{"rendered":"\t\t<div data-elementor-type=\"wp-page\" data-elementor-id=\"738\" class=\"elementor elementor-738\" data-elementor-settings=\"[]\">\n\t\t\t\t\t\t\t<div class=\"elementor-section-wrap\">\n\t\t\t\t\t\t\t<section class=\"elementor-section elementor-top-section elementor-element elementor-element-ffa6e44 elementor-section-boxed elementor-section-height-default elementor-section-height-default\" data-id=\"ffa6e44\" data-element_type=\"section\">\n\t\t\t\t\t\t<div class=\"elementor-container elementor-column-gap-default\">\n\t\t\t\t\t<div class=\"elementor-column elementor-col-100 elementor-top-column elementor-element elementor-element-50b6ab0\" data-id=\"50b6ab0\" data-element_type=\"column\">\n\t\t\t<div class=\"elementor-widget-wrap elementor-element-populated\">\n\t\t\t\t\t\t\t\t<div class=\"elementor-element elementor-element-3449375 elementor-widget elementor-widget-spacer\" data-id=\"3449375\" data-element_type=\"widget\" data-widget_type=\"spacer.default\">\n\t\t\t\t<div class=\"elementor-widget-container\">\n\t\t\t\t\t<div class=\"elementor-spacer\">\n\t\t\t<div class=\"elementor-spacer-inner\"><\/div>\n\t\t<\/div>\n\t\t\t\t<\/div>\n\t\t\t\t<\/div>\n\t\t\t\t<div class=\"elementor-element elementor-element-b153b05 elementor-widget__width-initial elementor-invisible elementor-widget elementor-widget-text-editor\" data-id=\"b153b05\" data-element_type=\"widget\" data-settings=\"{&quot;_animation&quot;:&quot;swing&quot;}\" data-widget_type=\"text-editor.default\">\n\t\t\t\t<div class=\"elementor-widget-container\">\n\t\t\t\t\t<div class=\"elementor-text-editor elementor-clearfix\"><p>\u00a0<\/p><p>Unser Hof<\/p><div>\u00a0<\/div><\/div>\n\t\t\t\t<\/div>\n\t\t\t\t<\/div>\n\t\t\t\t\t<\/div>\n\t\t<\/div>\n\t\t\t\t\t\t\t<\/div>\n\t\t<\/section>\n\t\t\t\t<section class=\"elementor-section elementor-top-section elementor-element elementor-element-5fac7b2 elementor-section-boxed elementor-section-height-default elementor-section-height-default\" data-id=\"5fac7b2\" data-element_type=\"section\">\n\t\t\t\t\t\t<div class=\"elementor-container elementor-column-gap-default\">\n\t\t\t\t\t<div class=\"elementor-column elementor-col-50 elementor-top-column elementor-element elementor-element-0d8537d\" data-id=\"0d8537d\" data-element_type=\"column\">\n\t\t\t<div class=\"elementor-widget-wrap elementor-element-populated\">\n\t\t\t\t\t\t\t\t<div class=\"elementor-element elementor-element-1228135 elementor-widget__width-initial elementor-widget elementor-widget-text-editor\" data-id=\"1228135\" data-element_type=\"widget\" data-widget_type=\"text-editor.default\">\n\t\t\t\t<div class=\"elementor-widget-container\">\n\t\t\t\t\t<div class=\"elementor-text-editor elementor-clearfix\"><p>Unser Hof befindet sich in den Stauden, eingebettet in die sanfte H\u00fcgellandschaft des Voralpenlandes.<\/p><\/div>\n\t\t\t\t<\/div>\n\t\t\t\t<\/div>\n\t\t\t\t\t<\/div>\n\t\t<\/div>\n\t\t\t\t<div class=\"elementor-column elementor-col-50 elementor-top-column elementor-element elementor-element-0474bc2\" data-id=\"0474bc2\" data-element_type=\"column\">\n\t\t\t<div class=\"elementor-widget-wrap elementor-element-populated\">\n\t\t\t\t\t\t\t\t<div class=\"elementor-element elementor-element-74501cb elementor-widget elementor-widget-spacer\" data-id=\"74501cb\" data-element_type=\"widget\" data-widget_type=\"spacer.default\">\n\t\t\t\t<div class=\"elementor-widget-container\">\n\t\t\t\t\t<div class=\"elementor-spacer\">\n\t\t\t<div class=\"elementor-spacer-inner\"><\/div>\n\t\t<\/div>\n\t\t\t\t<\/div>\n\t\t\t\t<\/div>\n\t\t\t\t<div class=\"elementor-element elementor-element-24c3551 elementor-widget elementor-widget-image\" data-id=\"24c3551\" data-element_type=\"widget\" data-widget_type=\"image.default\">\n\t\t\t\t<div class=\"elementor-widget-container\">\n\t\t\t\t\t<div class=\"elementor-image\">\n\t\t\t\t\t\t\t\t\t\t<img loading=\"lazy\" decoding=\"async\" width=\"750\" height=\"500\" src=\"https:\/\/haider-hof.de\/wp-content\/uploads\/2021\/03\/Immelstetten_0012b-1024x683.jpg\" class=\"attachment-large size-large\" alt=\"\" srcset=\"https:\/\/haider-hof.de\/wp-content\/uploads\/2021\/03\/Immelstetten_0012b-1024x683.jpg 1024w, https:\/\/haider-hof.de\/wp-content\/uploads\/2021\/03\/Immelstetten_0012b-300x200.jpg 300w, https:\/\/haider-hof.de\/wp-content\/uploads\/2021\/03\/Immelstetten_0012b-768x512.jpg 768w, https:\/\/haider-hof.de\/wp-content\/uploads\/2021\/03\/Immelstetten_0012b-1536x1024.jpg 1536w, https:\/\/haider-hof.de\/wp-content\/uploads\/2021\/03\/Immelstetten_0012b-1568x1045.jpg 1568w, https:\/\/haider-hof.de\/wp-content\/uploads\/2021\/03\/Immelstetten_0012b.jpg 1623w\" sizes=\"auto, (max-width: 750px) 100vw, 750px\" style=\"width:100%;height:66.67%;max-width:1623px;\" \/>\t\t\t\t\t\t\t\t\t\t\t<\/div>\n\t\t\t\t<\/div>\n\t\t\t\t<\/div>\n\t\t\t\t\t<\/div>\n\t\t<\/div>\n\t\t\t\t\t\t\t<\/div>\n\t\t<\/section>\n\t\t\t\t<section class=\"elementor-section elementor-top-section elementor-element elementor-element-b6ff0f3 elementor-section-boxed elementor-section-height-default elementor-section-height-default\" data-id=\"b6ff0f3\" data-element_type=\"section\">\n\t\t\t\t\t\t<div class=\"elementor-container elementor-column-gap-default\">\n\t\t\t\t\t<div class=\"elementor-column elementor-col-100 elementor-top-column elementor-element elementor-element-f2e7141\" data-id=\"f2e7141\" data-element_type=\"column\">\n\t\t\t<div class=\"elementor-widget-wrap elementor-element-populated\">\n\t\t\t\t\t\t\t\t<div class=\"elementor-element elementor-element-9a7bb86 elementor-widget elementor-widget-spacer\" data-id=\"9a7bb86\" data-element_type=\"widget\" data-widget_type=\"spacer.default\">\n\t\t\t\t<div class=\"elementor-widget-container\">\n\t\t\t\t\t<div class=\"elementor-spacer\">\n\t\t\t<div class=\"elementor-spacer-inner\"><\/div>\n\t\t<\/div>\n\t\t\t\t<\/div>\n\t\t\t\t<\/div>\n\t\t\t\t\t<\/div>\n\t\t<\/div>\n\t\t\t\t\t\t\t<\/div>\n\t\t<\/section>\n\t\t\t\t<section class=\"elementor-section elementor-top-section elementor-element elementor-element-6663b5b elementor-section-boxed elementor-section-height-default elementor-section-height-default\" data-id=\"6663b5b\" data-element_type=\"section\">\n\t\t\t\t\t\t<div class=\"elementor-container elementor-column-gap-default\">\n\t\t\t\t\t<div class=\"elementor-column elementor-col-50 elementor-top-column elementor-element elementor-element-4230164\" data-id=\"4230164\" data-element_type=\"column\">\n\t\t\t<div class=\"elementor-widget-wrap elementor-element-populated\">\n\t\t\t\t\t\t\t\t<div class=\"elementor-element elementor-element-e0f841f elementor-widget elementor-widget-image\" data-id=\"e0f841f\" data-element_type=\"widget\" data-widget_type=\"image.default\">\n\t\t\t\t<div class=\"elementor-widget-container\">\n\t\t\t\t\t<div class=\"elementor-image\">\n\t\t\t\t\t\t\t\t\t\t<img loading=\"lazy\" decoding=\"async\" width=\"750\" height=\"499\" src=\"https:\/\/haider-hof.de\/wp-content\/uploads\/2021\/03\/ImmelstettenHaiderKaese_0532b-1024x681.jpg\" class=\"attachment-large size-large\" alt=\"\" srcset=\"https:\/\/haider-hof.de\/wp-content\/uploads\/2021\/03\/ImmelstettenHaiderKaese_0532b-1024x681.jpg 1024w, https:\/\/haider-hof.de\/wp-content\/uploads\/2021\/03\/ImmelstettenHaiderKaese_0532b-300x200.jpg 300w, https:\/\/haider-hof.de\/wp-content\/uploads\/2021\/03\/ImmelstettenHaiderKaese_0532b-768x511.jpg 768w, https:\/\/haider-hof.de\/wp-content\/uploads\/2021\/03\/ImmelstettenHaiderKaese_0532b-1536x1022.jpg 1536w, https:\/\/haider-hof.de\/wp-content\/uploads\/2021\/03\/ImmelstettenHaiderKaese_0532b-1568x1043.jpg 1568w, https:\/\/haider-hof.de\/wp-content\/uploads\/2021\/03\/ImmelstettenHaiderKaese_0532b.jpg 1814w\" sizes=\"auto, (max-width: 750px) 100vw, 750px\" style=\"width:100%;height:66.54%;max-width:1814px;\" \/>\t\t\t\t\t\t\t\t\t\t\t<\/div>\n\t\t\t\t<\/div>\n\t\t\t\t<\/div>\n\t\t\t\t\t<\/div>\n\t\t<\/div>\n\t\t\t\t<div class=\"elementor-column elementor-col-50 elementor-top-column elementor-element elementor-element-31ac8f1\" data-id=\"31ac8f1\" data-element_type=\"column\">\n\t\t\t<div class=\"elementor-widget-wrap elementor-element-populated\">\n\t\t\t\t\t\t\t\t<div class=\"elementor-element elementor-element-002f689 elementor-widget__width-initial elementor-widget elementor-widget-text-editor\" data-id=\"002f689\" data-element_type=\"widget\" data-widget_type=\"text-editor.default\">\n\t\t\t\t<div class=\"elementor-widget-container\">\n\t\t\t\t\t<div class=\"elementor-text-editor elementor-clearfix\"><p>Im Jahr 2016 haben wir den Hof von den Eltern \u00fcbernommen und auf biologische Bewirtschaftung umgestellt. Der Demeter Verband hat uns mit seiner ganzheitlichen Sichtweise und den konsequenten Richtlinien \u00fcberzeugt.<\/p><\/div>\n\t\t\t\t<\/div>\n\t\t\t\t<\/div>\n\t\t\t\t\t<\/div>\n\t\t<\/div>\n\t\t\t\t\t\t\t<\/div>\n\t\t<\/section>\n\t\t\t\t<section class=\"elementor-section elementor-top-section elementor-element elementor-element-e0775bc elementor-section-boxed elementor-section-height-default elementor-section-height-default\" data-id=\"e0775bc\" data-element_type=\"section\">\n\t\t\t\t\t\t<div class=\"elementor-container elementor-column-gap-default\">\n\t\t\t\t\t<div class=\"elementor-column elementor-col-100 elementor-top-column elementor-element elementor-element-1e62d69\" data-id=\"1e62d69\" data-element_type=\"column\">\n\t\t\t<div class=\"elementor-widget-wrap elementor-element-populated\">\n\t\t\t\t\t\t\t\t<div class=\"elementor-element elementor-element-98903e1 elementor-widget elementor-widget-spacer\" data-id=\"98903e1\" data-element_type=\"widget\" data-widget_type=\"spacer.default\">\n\t\t\t\t<div class=\"elementor-widget-container\">\n\t\t\t\t\t<div class=\"elementor-spacer\">\n\t\t\t<div class=\"elementor-spacer-inner\"><\/div>\n\t\t<\/div>\n\t\t\t\t<\/div>\n\t\t\t\t<\/div>\n\t\t\t\t\t<\/div>\n\t\t<\/div>\n\t\t\t\t\t\t\t<\/div>\n\t\t<\/section>\n\t\t\t\t<section class=\"elementor-section elementor-top-section elementor-element elementor-element-403a4f7 elementor-section-boxed elementor-section-height-default elementor-section-height-default\" data-id=\"403a4f7\" data-element_type=\"section\">\n\t\t\t\t\t\t<div class=\"elementor-container elementor-column-gap-default\">\n\t\t\t\t\t<div class=\"elementor-column elementor-col-50 elementor-top-column elementor-element elementor-element-9b58c51\" data-id=\"9b58c51\" data-element_type=\"column\">\n\t\t\t<div class=\"elementor-widget-wrap elementor-element-populated\">\n\t\t\t\t\t\t\t\t<div class=\"elementor-element elementor-element-def804d elementor-widget__width-initial elementor-widget elementor-widget-text-editor\" data-id=\"def804d\" data-element_type=\"widget\" data-widget_type=\"text-editor.default\">\n\t\t\t\t<div class=\"elementor-widget-container\">\n\t\t\t\t\t<div class=\"elementor-text-editor elementor-clearfix\"><p>\u201eEine Landwirtschaft ist umso ges\u00fcnder, je weniger Stoffe sie von au\u00dfen ben\u00f6tigt\u201c<\/p><p>\u00a0<\/p><p><em>Rudolf Steiner<\/em><\/p><\/div>\n\t\t\t\t<\/div>\n\t\t\t\t<\/div>\n\t\t\t\t\t<\/div>\n\t\t<\/div>\n\t\t\t\t<div class=\"elementor-column elementor-col-50 elementor-top-column elementor-element elementor-element-1633c74\" data-id=\"1633c74\" data-element_type=\"column\">\n\t\t\t<div class=\"elementor-widget-wrap elementor-element-populated\">\n\t\t\t\t\t\t\t\t<div class=\"elementor-element elementor-element-0921527 elementor-widget elementor-widget-image\" data-id=\"0921527\" data-element_type=\"widget\" data-widget_type=\"image.default\">\n\t\t\t\t<div class=\"elementor-widget-container\">\n\t\t\t\t\t<div class=\"elementor-image\">\n\t\t\t\t\t\t\t\t\t\t<img loading=\"lazy\" decoding=\"async\" width=\"750\" height=\"499\" src=\"https:\/\/haider-hof.de\/wp-content\/uploads\/2021\/03\/ImmelstettenHaiderKaese_3989b-1024x681.jpg\" class=\"attachment-large size-large\" alt=\"\" srcset=\"https:\/\/haider-hof.de\/wp-content\/uploads\/2021\/03\/ImmelstettenHaiderKaese_3989b-1024x681.jpg 1024w, https:\/\/haider-hof.de\/wp-content\/uploads\/2021\/03\/ImmelstettenHaiderKaese_3989b-300x200.jpg 300w, https:\/\/haider-hof.de\/wp-content\/uploads\/2021\/03\/ImmelstettenHaiderKaese_3989b-768x511.jpg 768w, https:\/\/haider-hof.de\/wp-content\/uploads\/2021\/03\/ImmelstettenHaiderKaese_3989b-1536x1022.jpg 1536w, https:\/\/haider-hof.de\/wp-content\/uploads\/2021\/03\/ImmelstettenHaiderKaese_3989b-1568x1043.jpg 1568w, https:\/\/haider-hof.de\/wp-content\/uploads\/2021\/03\/ImmelstettenHaiderKaese_3989b.jpg 1814w\" sizes=\"auto, (max-width: 750px) 100vw, 750px\" style=\"width:100%;height:66.54%;max-width:1814px;\" \/>\t\t\t\t\t\t\t\t\t\t\t<\/div>\n\t\t\t\t<\/div>\n\t\t\t\t<\/div>\n\t\t\t\t\t<\/div>\n\t\t<\/div>\n\t\t\t\t\t\t\t<\/div>\n\t\t<\/section>\n\t\t\t\t<section class=\"elementor-section elementor-top-section elementor-element elementor-element-60532c6 elementor-section-boxed elementor-section-height-default elementor-section-height-default\" data-id=\"60532c6\" data-element_type=\"section\">\n\t\t\t\t\t\t<div class=\"elementor-container elementor-column-gap-default\">\n\t\t\t\t\t<div class=\"elementor-column elementor-col-100 elementor-top-column elementor-element elementor-element-7358662\" data-id=\"7358662\" data-element_type=\"column\">\n\t\t\t<div class=\"elementor-widget-wrap elementor-element-populated\">\n\t\t\t\t\t\t\t\t<div class=\"elementor-element elementor-element-08ee9f7 elementor-widget elementor-widget-spacer\" data-id=\"08ee9f7\" data-element_type=\"widget\" data-widget_type=\"spacer.default\">\n\t\t\t\t<div class=\"elementor-widget-container\">\n\t\t\t\t\t<div class=\"elementor-spacer\">\n\t\t\t<div class=\"elementor-spacer-inner\"><\/div>\n\t\t<\/div>\n\t\t\t\t<\/div>\n\t\t\t\t<\/div>\n\t\t\t\t\t<\/div>\n\t\t<\/div>\n\t\t\t\t\t\t\t<\/div>\n\t\t<\/section>\n\t\t\t\t<section class=\"elementor-section elementor-top-section elementor-element elementor-element-f3d4ef8 elementor-section-boxed elementor-section-height-default elementor-section-height-default\" data-id=\"f3d4ef8\" data-element_type=\"section\">\n\t\t\t\t\t\t<div class=\"elementor-container elementor-column-gap-default\">\n\t\t\t\t\t<div class=\"elementor-column elementor-col-100 elementor-top-column elementor-element elementor-element-d25df87\" data-id=\"d25df87\" data-element_type=\"column\">\n\t\t\t<div class=\"elementor-widget-wrap elementor-element-populated\">\n\t\t\t\t\t\t\t\t<div class=\"elementor-element elementor-element-b60a5cb elementor-widget elementor-widget-image\" data-id=\"b60a5cb\" data-element_type=\"widget\" data-widget_type=\"image.default\">\n\t\t\t\t<div class=\"elementor-widget-container\">\n\t\t\t\t\t<div class=\"elementor-image\">\n\t\t\t\t\t\t\t\t\t\t<img decoding=\"async\" src=\"https:\/\/haider-hof.de\/wp-content\/uploads\/elementor\/thumbs\/005_Immelstetten_0077b-scaled-p4ngo5dx9ipvv6ppwa767qow0misszb31x5op9b14a.jpg\" title=\"Ohne Titel\" alt=\"\" \/>\t\t\t\t\t\t\t\t\t\t\t<\/div>\n\t\t\t\t<\/div>\n\t\t\t\t<\/div>\n\t\t\t\t\t<\/div>\n\t\t<\/div>\n\t\t\t\t\t\t\t<\/div>\n\t\t<\/section>\n\t\t\t\t<section class=\"elementor-section elementor-top-section elementor-element elementor-element-8f8b797 elementor-section-boxed elementor-section-height-default elementor-section-height-default\" data-id=\"8f8b797\" data-element_type=\"section\">\n\t\t\t\t\t\t<div class=\"elementor-container elementor-column-gap-default\">\n\t\t\t\t\t<div class=\"elementor-column elementor-col-100 elementor-top-column elementor-element elementor-element-26acdad\" data-id=\"26acdad\" data-element_type=\"column\">\n\t\t\t<div class=\"elementor-widget-wrap elementor-element-populated\">\n\t\t\t\t\t\t\t\t<div class=\"elementor-element elementor-element-93eda48 elementor-widget elementor-widget-spacer\" data-id=\"93eda48\" data-element_type=\"widget\" data-widget_type=\"spacer.default\">\n\t\t\t\t<div class=\"elementor-widget-container\">\n\t\t\t\t\t<div class=\"elementor-spacer\">\n\t\t\t<div class=\"elementor-spacer-inner\"><\/div>\n\t\t<\/div>\n\t\t\t\t<\/div>\n\t\t\t\t<\/div>\n\t\t\t\t<div class=\"elementor-element elementor-element-4a622d6 elementor-widget__width-initial elementor-widget elementor-widget-text-editor\" data-id=\"4a622d6\" data-element_type=\"widget\" data-widget_type=\"text-editor.default\">\n\t\t\t\t<div class=\"elementor-widget-container\">\n\t\t\t\t\t<div class=\"elementor-text-editor elementor-clearfix\"><p><strong>Im Einklang mit Mensch und Natur erzeugen wir gesunde Lebensmittel.<\/strong><\/p><\/div>\n\t\t\t\t<\/div>\n\t\t\t\t<\/div>\n\t\t\t\t\t<\/div>\n\t\t<\/div>\n\t\t\t\t\t\t\t<\/div>\n\t\t<\/section>\n\t\t\t\t<section class=\"elementor-section elementor-top-section elementor-element elementor-element-d8bc3ed elementor-section-boxed elementor-section-height-default elementor-section-height-default\" data-id=\"d8bc3ed\" data-element_type=\"section\">\n\t\t\t\t\t\t<div class=\"elementor-container elementor-column-gap-default\">\n\t\t\t\t\t<div class=\"elementor-column elementor-col-100 elementor-top-column elementor-element elementor-element-d60501d\" data-id=\"d60501d\" data-element_type=\"column\">\n\t\t\t<div class=\"elementor-widget-wrap elementor-element-populated\">\n\t\t\t\t\t\t\t\t<div class=\"elementor-element elementor-element-8d13d65 elementor-widget elementor-widget-spacer\" data-id=\"8d13d65\" data-element_type=\"widget\" data-widget_type=\"spacer.default\">\n\t\t\t\t<div class=\"elementor-widget-container\">\n\t\t\t\t\t<div class=\"elementor-spacer\">\n\t\t\t<div class=\"elementor-spacer-inner\"><\/div>\n\t\t<\/div>\n\t\t\t\t<\/div>\n\t\t\t\t<\/div>\n\t\t\t\t\t<\/div>\n\t\t<\/div>\n\t\t\t\t\t\t\t<\/div>\n\t\t<\/section>\n\t\t\t\t\t\t<\/div>\n\t\t\t\t\t<\/div>\n\t\t","protected":false},"excerpt":{"rendered":"<p>\u00a0 Unser Hof \u00a0 Unser Hof befindet sich in den Stauden, eingebettet in die sanfte H\u00fcgellandschaft des Voralpenlandes. Im Jahr 2016 haben wir den Hof von den Eltern \u00fcbernommen und auf biologische Bewirtschaftung umgestellt. Der Demeter Verband hat uns mit seiner ganzheitlichen Sichtweise und den konsequenten Richtlinien \u00fcberzeugt. \u201eEine Landwirtschaft ist umso ges\u00fcnder, je weniger&hellip; <a class=\"more-link\" href=\"https:\/\/haider-hof.de\/?page_id=738\"><span class=\"screen-reader-text\">Unser Hof<\/span> weiterlesen<\/a><\/p>\n","protected":false},"author":1,"featured_media":0,"parent":0,"menu_order":0,"comment_status":"closed","ping_status":"closed","template":"","meta":{"footnotes":""},"class_list":["post-738","page","type-page","status-publish","hentry","entry"],"_links":{"self":[{"href":"https:\/\/haider-hof.de\/index.php?rest_route=\/wp\/v2\/pages\/738","targetHints":{"allow":["GET"]}}],"collection":[{"href":"https:\/\/haider-hof.de\/index.php?rest_route=\/wp\/v2\/pages"}],"about":[{"href":"https:\/\/haider-hof.de\/index.php?rest_route=\/wp\/v2\/types\/page"}],"author":[{"embeddable":true,"href":"https:\/\/haider-hof.de\/index.php?rest_route=\/wp\/v2\/users\/1"}],"replies":[{"embeddable":true,"href":"https:\/\/haider-hof.de\/index.php?rest_route=%2Fwp%2Fv2%2Fcomments&post=738"}],"version-history":[{"count":10,"href":"https:\/\/haider-hof.de\/index.php?rest_route=\/wp\/v2\/pages\/738\/revisions"}],"predecessor-version":[{"id":1794,"href":"https:\/\/haider-hof.de\/index.php?rest_route=\/wp\/v2\/pages\/738\/revisions\/1794"}],"wp:attachment":[{"href":"https:\/\/haider-hof.de\/index.php?rest_route=%2Fwp%2Fv2%2Fmedia&parent=738"}],"curies":[{"name":"wp","href":"https:\/\/api.w.org\/{rel}","templated":true}]}}