{"id":847,"date":"2021-03-23T23:02:50","date_gmt":"2021-03-23T22:02:50","guid":{"rendered":"https:\/\/hh.saettler.it\/?page_id=847"},"modified":"2023-07-31T19:13:54","modified_gmt":"2023-07-31T17:13:54","slug":"hofkaeserei-produkte","status":"publish","type":"page","link":"https:\/\/haider-hof.de\/?page_id=847","title":{"rendered":"Hofk\u00e4serei &#8211; Produkte"},"content":{"rendered":"\t\t<div data-elementor-type=\"wp-page\" data-elementor-id=\"847\" class=\"elementor elementor-847\" data-elementor-settings=\"[]\">\n\t\t\t\t\t\t\t<div class=\"elementor-section-wrap\">\n\t\t\t\t\t\t\t<section class=\"elementor-section elementor-top-section elementor-element elementor-element-b646b57 elementor-section-boxed elementor-section-height-default elementor-section-height-default\" data-id=\"b646b57\" data-element_type=\"section\">\n\t\t\t\t\t\t<div class=\"elementor-container elementor-column-gap-default\">\n\t\t\t\t\t<div class=\"elementor-column elementor-col-100 elementor-top-column elementor-element elementor-element-4a560be\" data-id=\"4a560be\" data-element_type=\"column\">\n\t\t\t<div class=\"elementor-widget-wrap elementor-element-populated\">\n\t\t\t\t\t\t\t\t<div class=\"elementor-element elementor-element-cd3a2b4 elementor-widget elementor-widget-spacer\" data-id=\"cd3a2b4\" data-element_type=\"widget\" data-widget_type=\"spacer.default\">\n\t\t\t\t<div class=\"elementor-widget-container\">\n\t\t\t\t\t<div class=\"elementor-spacer\">\n\t\t\t<div class=\"elementor-spacer-inner\"><\/div>\n\t\t<\/div>\n\t\t\t\t<\/div>\n\t\t\t\t<\/div>\n\t\t\t\t<div class=\"elementor-element elementor-element-6b66be2 elementor-widget__width-initial elementor-invisible elementor-widget elementor-widget-text-editor\" data-id=\"6b66be2\" data-element_type=\"widget\" data-settings=\"{&quot;_animation&quot;:&quot;swing&quot;}\" data-widget_type=\"text-editor.default\">\n\t\t\t\t<div class=\"elementor-widget-container\">\n\t\t\t\t\t<div class=\"elementor-text-editor elementor-clearfix\"><p>\u00a0<\/p><p>Hofk\u00e4serei \/ Produkte<\/p><p>\u00a0<\/p><\/div>\n\t\t\t\t<\/div>\n\t\t\t\t<\/div>\n\t\t\t\t<div class=\"elementor-element elementor-element-4880bc3 elementor-widget elementor-widget-spacer\" data-id=\"4880bc3\" data-element_type=\"widget\" data-widget_type=\"spacer.default\">\n\t\t\t\t<div class=\"elementor-widget-container\">\n\t\t\t\t\t<div class=\"elementor-spacer\">\n\t\t\t<div class=\"elementor-spacer-inner\"><\/div>\n\t\t<\/div>\n\t\t\t\t<\/div>\n\t\t\t\t<\/div>\n\t\t\t\t\t<\/div>\n\t\t<\/div>\n\t\t\t\t\t\t\t<\/div>\n\t\t<\/section>\n\t\t\t\t<section class=\"elementor-section elementor-top-section elementor-element elementor-element-de3b32c elementor-section-boxed elementor-section-height-default elementor-section-height-default\" data-id=\"de3b32c\" data-element_type=\"section\">\n\t\t\t\t\t\t<div class=\"elementor-container elementor-column-gap-default\">\n\t\t\t\t\t<div class=\"elementor-column elementor-col-100 elementor-top-column elementor-element elementor-element-67407f6\" data-id=\"67407f6\" data-element_type=\"column\">\n\t\t\t<div class=\"elementor-widget-wrap elementor-element-populated\">\n\t\t\t\t\t\t\t\t<div class=\"elementor-element elementor-element-f8f92c5 elementor-widget__width-initial elementor-widget elementor-widget-text-editor\" data-id=\"f8f92c5\" data-element_type=\"widget\" data-widget_type=\"text-editor.default\">\n\t\t\t\t<div class=\"elementor-widget-container\">\n\t\t\t\t\t<div class=\"elementor-text-editor elementor-clearfix\"><p>Wenn die Kitze keine Milch mehr ben\u00f6tigen, stellen wir aus der wertvollen Ziegenmilch verschiedene K\u00e4sesorten in unserer hofeigenen K\u00e4serei her.<\/p>\n<p>Wir machen Quark, Frischk\u00e4se in verschiedenen Variationen, Weichk\u00e4se und Schnittk\u00e4se.<\/p><\/div>\n\t\t\t\t<\/div>\n\t\t\t\t<\/div>\n\t\t\t\t\t<\/div>\n\t\t<\/div>\n\t\t\t\t\t\t\t<\/div>\n\t\t<\/section>\n\t\t\t\t<section class=\"elementor-section elementor-top-section elementor-element elementor-element-c66a7e6 elementor-section-boxed elementor-section-height-default elementor-section-height-default\" data-id=\"c66a7e6\" data-element_type=\"section\">\n\t\t\t\t\t\t<div class=\"elementor-container elementor-column-gap-default\">\n\t\t\t\t\t<div class=\"elementor-column elementor-col-50 elementor-top-column elementor-element elementor-element-0224dd4\" data-id=\"0224dd4\" data-element_type=\"column\">\n\t\t\t<div class=\"elementor-widget-wrap elementor-element-populated\">\n\t\t\t\t\t\t\t\t<div class=\"elementor-element elementor-element-ce26e0f elementor-widget elementor-widget-spacer\" data-id=\"ce26e0f\" data-element_type=\"widget\" data-widget_type=\"spacer.default\">\n\t\t\t\t<div class=\"elementor-widget-container\">\n\t\t\t\t\t<div class=\"elementor-spacer\">\n\t\t\t<div class=\"elementor-spacer-inner\"><\/div>\n\t\t<\/div>\n\t\t\t\t<\/div>\n\t\t\t\t<\/div>\n\t\t\t\t<div class=\"elementor-element elementor-element-6e0246f elementor-widget elementor-widget-image\" data-id=\"6e0246f\" data-element_type=\"widget\" data-widget_type=\"image.default\">\n\t\t\t\t<div class=\"elementor-widget-container\">\n\t\t\t\t\t<div class=\"elementor-image\">\n\t\t\t\t\t\t\t\t\t\t<img loading=\"lazy\" decoding=\"async\" width=\"750\" height=\"499\" src=\"https:\/\/haider-hof.de\/wp-content\/uploads\/2021\/03\/ImmelstettenHaiderKaese_1819-1024x681.jpg\" class=\"attachment-large size-large\" alt=\"\" srcset=\"https:\/\/haider-hof.de\/wp-content\/uploads\/2021\/03\/ImmelstettenHaiderKaese_1819-1024x681.jpg 1024w, https:\/\/haider-hof.de\/wp-content\/uploads\/2021\/03\/ImmelstettenHaiderKaese_1819-300x200.jpg 300w, https:\/\/haider-hof.de\/wp-content\/uploads\/2021\/03\/ImmelstettenHaiderKaese_1819-768x511.jpg 768w, https:\/\/haider-hof.de\/wp-content\/uploads\/2021\/03\/ImmelstettenHaiderKaese_1819-1536x1022.jpg 1536w, https:\/\/haider-hof.de\/wp-content\/uploads\/2021\/03\/ImmelstettenHaiderKaese_1819-1568x1043.jpg 1568w, https:\/\/haider-hof.de\/wp-content\/uploads\/2021\/03\/ImmelstettenHaiderKaese_1819.jpg 1814w\" sizes=\"auto, (max-width: 750px) 100vw, 750px\" style=\"width:100%;height:66.54%;max-width:1814px;\" \/>\t\t\t\t\t\t\t\t\t\t\t<\/div>\n\t\t\t\t<\/div>\n\t\t\t\t<\/div>\n\t\t\t\t<div class=\"elementor-element elementor-element-78e20c5 elementor-widget elementor-widget-spacer\" data-id=\"78e20c5\" data-element_type=\"widget\" data-widget_type=\"spacer.default\">\n\t\t\t\t<div class=\"elementor-widget-container\">\n\t\t\t\t\t<div class=\"elementor-spacer\">\n\t\t\t<div class=\"elementor-spacer-inner\"><\/div>\n\t\t<\/div>\n\t\t\t\t<\/div>\n\t\t\t\t<\/div>\n\t\t\t\t\t<\/div>\n\t\t<\/div>\n\t\t\t\t<div class=\"elementor-column elementor-col-50 elementor-top-column elementor-element elementor-element-119c824\" data-id=\"119c824\" data-element_type=\"column\">\n\t\t\t<div class=\"elementor-widget-wrap\">\n\t\t\t\t\t\t\t\t\t<\/div>\n\t\t<\/div>\n\t\t\t\t\t\t\t<\/div>\n\t\t<\/section>\n\t\t\t\t<section class=\"elementor-section elementor-top-section elementor-element elementor-element-e612f77 elementor-section-boxed elementor-section-height-default elementor-section-height-default\" data-id=\"e612f77\" data-element_type=\"section\">\n\t\t\t\t\t\t<div class=\"elementor-container elementor-column-gap-default\">\n\t\t\t\t\t<div class=\"elementor-column elementor-col-50 elementor-top-column elementor-element elementor-element-403470d\" data-id=\"403470d\" data-element_type=\"column\">\n\t\t\t<div class=\"elementor-widget-wrap\">\n\t\t\t\t\t\t\t\t\t<\/div>\n\t\t<\/div>\n\t\t\t\t<div class=\"elementor-column elementor-col-50 elementor-top-column elementor-element elementor-element-22c1188\" data-id=\"22c1188\" data-element_type=\"column\">\n\t\t\t<div class=\"elementor-widget-wrap elementor-element-populated\">\n\t\t\t\t\t\t\t\t<div class=\"elementor-element elementor-element-2d35652 elementor-widget elementor-widget-image\" data-id=\"2d35652\" data-element_type=\"widget\" data-widget_type=\"image.default\">\n\t\t\t\t<div class=\"elementor-widget-container\">\n\t\t\t\t\t<div class=\"elementor-image\">\n\t\t\t\t\t\t\t\t\t\t<img loading=\"lazy\" decoding=\"async\" width=\"750\" height=\"499\" src=\"https:\/\/haider-hof.de\/wp-content\/uploads\/2021\/03\/ImmelstettenHaiderKaese_0439b-1024x681.jpg\" class=\"attachment-large size-large\" alt=\"\" srcset=\"https:\/\/haider-hof.de\/wp-content\/uploads\/2021\/03\/ImmelstettenHaiderKaese_0439b-1024x681.jpg 1024w, https:\/\/haider-hof.de\/wp-content\/uploads\/2021\/03\/ImmelstettenHaiderKaese_0439b-300x200.jpg 300w, https:\/\/haider-hof.de\/wp-content\/uploads\/2021\/03\/ImmelstettenHaiderKaese_0439b-768x511.jpg 768w, https:\/\/haider-hof.de\/wp-content\/uploads\/2021\/03\/ImmelstettenHaiderKaese_0439b-1536x1022.jpg 1536w, https:\/\/haider-hof.de\/wp-content\/uploads\/2021\/03\/ImmelstettenHaiderKaese_0439b-1568x1043.jpg 1568w, https:\/\/haider-hof.de\/wp-content\/uploads\/2021\/03\/ImmelstettenHaiderKaese_0439b.jpg 1814w\" sizes=\"auto, (max-width: 750px) 100vw, 750px\" style=\"width:100%;height:66.54%;max-width:1814px;\" \/>\t\t\t\t\t\t\t\t\t\t\t<\/div>\n\t\t\t\t<\/div>\n\t\t\t\t<\/div>\n\t\t\t\t\t<\/div>\n\t\t<\/div>\n\t\t\t\t\t\t\t<\/div>\n\t\t<\/section>\n\t\t\t\t<section class=\"elementor-section elementor-top-section elementor-element elementor-element-6e68caf elementor-section-boxed elementor-section-height-default elementor-section-height-default\" data-id=\"6e68caf\" data-element_type=\"section\">\n\t\t\t\t\t\t<div class=\"elementor-container elementor-column-gap-default\">\n\t\t\t\t\t<div class=\"elementor-column elementor-col-50 elementor-top-column elementor-element elementor-element-0cb450b\" data-id=\"0cb450b\" data-element_type=\"column\">\n\t\t\t<div class=\"elementor-widget-wrap elementor-element-populated\">\n\t\t\t\t\t\t\t\t<div class=\"elementor-element elementor-element-e6164e1 elementor-widget elementor-widget-spacer\" data-id=\"e6164e1\" data-element_type=\"widget\" data-widget_type=\"spacer.default\">\n\t\t\t\t<div class=\"elementor-widget-container\">\n\t\t\t\t\t<div class=\"elementor-spacer\">\n\t\t\t<div class=\"elementor-spacer-inner\"><\/div>\n\t\t<\/div>\n\t\t\t\t<\/div>\n\t\t\t\t<\/div>\n\t\t\t\t<div class=\"elementor-element elementor-element-f4bc7bb elementor-widget elementor-widget-image\" data-id=\"f4bc7bb\" data-element_type=\"widget\" data-widget_type=\"image.default\">\n\t\t\t\t<div class=\"elementor-widget-container\">\n\t\t\t\t\t<div class=\"elementor-image\">\n\t\t\t\t\t\t\t\t\t\t<img decoding=\"async\" src=\"https:\/\/haider-hof.de\/wp-content\/uploads\/elementor\/thumbs\/ImmelstettenHaiderKaese_0525b-p4ngs3bhhskg9hcnpt6f0ausetkdbjhhcthbx5k4x4.jpg\" title=\"Ohne Titel\" alt=\"\" \/>\t\t\t\t\t\t\t\t\t\t\t<\/div>\n\t\t\t\t<\/div>\n\t\t\t\t<\/div>\n\t\t\t\t\t<\/div>\n\t\t<\/div>\n\t\t\t\t<div class=\"elementor-column elementor-col-50 elementor-top-column elementor-element elementor-element-4abdaa9\" data-id=\"4abdaa9\" data-element_type=\"column\">\n\t\t\t<div class=\"elementor-widget-wrap elementor-element-populated\">\n\t\t\t\t\t\t\t\t<div class=\"elementor-element elementor-element-8b3846e elementor-widget elementor-widget-spacer\" data-id=\"8b3846e\" data-element_type=\"widget\" data-widget_type=\"spacer.default\">\n\t\t\t\t<div class=\"elementor-widget-container\">\n\t\t\t\t\t<div class=\"elementor-spacer\">\n\t\t\t<div class=\"elementor-spacer-inner\"><\/div>\n\t\t<\/div>\n\t\t\t\t<\/div>\n\t\t\t\t<\/div>\n\t\t\t\t\t<\/div>\n\t\t<\/div>\n\t\t\t\t\t\t\t<\/div>\n\t\t<\/section>\n\t\t\t\t<section class=\"elementor-section elementor-top-section elementor-element elementor-element-68badf0 elementor-section-boxed elementor-section-height-default elementor-section-height-default\" data-id=\"68badf0\" data-element_type=\"section\">\n\t\t\t\t\t\t<div class=\"elementor-container elementor-column-gap-default\">\n\t\t\t\t\t<div class=\"elementor-column elementor-col-50 elementor-top-column elementor-element elementor-element-de433ac\" data-id=\"de433ac\" data-element_type=\"column\">\n\t\t\t<div class=\"elementor-widget-wrap\">\n\t\t\t\t\t\t\t\t\t<\/div>\n\t\t<\/div>\n\t\t\t\t<div class=\"elementor-column elementor-col-50 elementor-top-column elementor-element elementor-element-f267cca\" data-id=\"f267cca\" data-element_type=\"column\">\n\t\t\t<div class=\"elementor-widget-wrap elementor-element-populated\">\n\t\t\t\t\t\t\t\t<div class=\"elementor-element elementor-element-3d937f2 elementor-widget elementor-widget-spacer\" data-id=\"3d937f2\" data-element_type=\"widget\" data-widget_type=\"spacer.default\">\n\t\t\t\t<div class=\"elementor-widget-container\">\n\t\t\t\t\t<div class=\"elementor-spacer\">\n\t\t\t<div class=\"elementor-spacer-inner\"><\/div>\n\t\t<\/div>\n\t\t\t\t<\/div>\n\t\t\t\t<\/div>\n\t\t\t\t<div class=\"elementor-element elementor-element-ce1e9b9 elementor-widget elementor-widget-image\" data-id=\"ce1e9b9\" data-element_type=\"widget\" data-widget_type=\"image.default\">\n\t\t\t\t<div class=\"elementor-widget-container\">\n\t\t\t\t\t<div class=\"elementor-image\">\n\t\t\t\t\t\t\t\t\t\t<img loading=\"lazy\" decoding=\"async\" width=\"750\" height=\"499\" src=\"https:\/\/haider-hof.de\/wp-content\/uploads\/2021\/03\/ImmelstettenHaiderKaese_0908b-1024x681.jpg\" class=\"attachment-large size-large\" alt=\"\" srcset=\"https:\/\/haider-hof.de\/wp-content\/uploads\/2021\/03\/ImmelstettenHaiderKaese_0908b-1024x681.jpg 1024w, https:\/\/haider-hof.de\/wp-content\/uploads\/2021\/03\/ImmelstettenHaiderKaese_0908b-300x200.jpg 300w, https:\/\/haider-hof.de\/wp-content\/uploads\/2021\/03\/ImmelstettenHaiderKaese_0908b-768x511.jpg 768w, https:\/\/haider-hof.de\/wp-content\/uploads\/2021\/03\/ImmelstettenHaiderKaese_0908b-1536x1022.jpg 1536w, https:\/\/haider-hof.de\/wp-content\/uploads\/2021\/03\/ImmelstettenHaiderKaese_0908b-1568x1043.jpg 1568w, https:\/\/haider-hof.de\/wp-content\/uploads\/2021\/03\/ImmelstettenHaiderKaese_0908b.jpg 1814w\" sizes=\"auto, (max-width: 750px) 100vw, 750px\" style=\"width:100%;height:66.54%;max-width:1814px;\" \/>\t\t\t\t\t\t\t\t\t\t\t<\/div>\n\t\t\t\t<\/div>\n\t\t\t\t<\/div>\n\t\t\t\t\t<\/div>\n\t\t<\/div>\n\t\t\t\t\t\t\t<\/div>\n\t\t<\/section>\n\t\t\t\t<section class=\"elementor-section elementor-top-section elementor-element elementor-element-932c5db elementor-section-boxed elementor-section-height-default elementor-section-height-default\" data-id=\"932c5db\" data-element_type=\"section\">\n\t\t\t\t\t\t<div class=\"elementor-container elementor-column-gap-default\">\n\t\t\t\t\t<div class=\"elementor-column elementor-col-50 elementor-top-column elementor-element elementor-element-1ad5c56\" data-id=\"1ad5c56\" data-element_type=\"column\">\n\t\t\t<div class=\"elementor-widget-wrap elementor-element-populated\">\n\t\t\t\t\t\t\t\t<div class=\"elementor-element elementor-element-403401a elementor-widget elementor-widget-spacer\" data-id=\"403401a\" data-element_type=\"widget\" data-widget_type=\"spacer.default\">\n\t\t\t\t<div class=\"elementor-widget-container\">\n\t\t\t\t\t<div class=\"elementor-spacer\">\n\t\t\t<div class=\"elementor-spacer-inner\"><\/div>\n\t\t<\/div>\n\t\t\t\t<\/div>\n\t\t\t\t<\/div>\n\t\t\t\t<div class=\"elementor-element elementor-element-76f0474 elementor-widget elementor-widget-image\" data-id=\"76f0474\" data-element_type=\"widget\" data-widget_type=\"image.default\">\n\t\t\t\t<div class=\"elementor-widget-container\">\n\t\t\t\t\t<div class=\"elementor-image\">\n\t\t\t\t\t\t\t\t\t\t<img loading=\"lazy\" decoding=\"async\" width=\"750\" height=\"499\" src=\"https:\/\/haider-hof.de\/wp-content\/uploads\/2021\/03\/ImmelstettenHaiderKaese_0610c-1024x681.jpg\" class=\"attachment-large size-large\" alt=\"\" srcset=\"https:\/\/haider-hof.de\/wp-content\/uploads\/2021\/03\/ImmelstettenHaiderKaese_0610c-1024x681.jpg 1024w, https:\/\/haider-hof.de\/wp-content\/uploads\/2021\/03\/ImmelstettenHaiderKaese_0610c-300x200.jpg 300w, https:\/\/haider-hof.de\/wp-content\/uploads\/2021\/03\/ImmelstettenHaiderKaese_0610c-768x511.jpg 768w, https:\/\/haider-hof.de\/wp-content\/uploads\/2021\/03\/ImmelstettenHaiderKaese_0610c-1536x1022.jpg 1536w, https:\/\/haider-hof.de\/wp-content\/uploads\/2021\/03\/ImmelstettenHaiderKaese_0610c-1568x1043.jpg 1568w, https:\/\/haider-hof.de\/wp-content\/uploads\/2021\/03\/ImmelstettenHaiderKaese_0610c.jpg 1814w\" sizes=\"auto, (max-width: 750px) 100vw, 750px\" style=\"width:100%;height:66.54%;max-width:1814px;\" \/>\t\t\t\t\t\t\t\t\t\t\t<\/div>\n\t\t\t\t<\/div>\n\t\t\t\t<\/div>\n\t\t\t\t\t<\/div>\n\t\t<\/div>\n\t\t\t\t<div class=\"elementor-column elementor-col-50 elementor-top-column elementor-element elementor-element-ade5033\" data-id=\"ade5033\" data-element_type=\"column\">\n\t\t\t<div class=\"elementor-widget-wrap\">\n\t\t\t\t\t\t\t\t\t<\/div>\n\t\t<\/div>\n\t\t\t\t\t\t\t<\/div>\n\t\t<\/section>\n\t\t\t\t<section class=\"elementor-section elementor-top-section elementor-element elementor-element-59eec1e elementor-section-boxed elementor-section-height-default elementor-section-height-default\" data-id=\"59eec1e\" data-element_type=\"section\">\n\t\t\t\t\t\t<div class=\"elementor-container elementor-column-gap-default\">\n\t\t\t\t\t<div class=\"elementor-column elementor-col-100 elementor-top-column elementor-element elementor-element-bcda410\" data-id=\"bcda410\" data-element_type=\"column\">\n\t\t\t<div class=\"elementor-widget-wrap elementor-element-populated\">\n\t\t\t\t\t\t\t\t<div class=\"elementor-element elementor-element-5c19567 elementor-widget elementor-widget-spacer\" data-id=\"5c19567\" data-element_type=\"widget\" data-widget_type=\"spacer.default\">\n\t\t\t\t<div class=\"elementor-widget-container\">\n\t\t\t\t\t<div class=\"elementor-spacer\">\n\t\t\t<div class=\"elementor-spacer-inner\"><\/div>\n\t\t<\/div>\n\t\t\t\t<\/div>\n\t\t\t\t<\/div>\n\t\t\t\t\t<\/div>\n\t\t<\/div>\n\t\t\t\t\t\t\t<\/div>\n\t\t<\/section>\n\t\t\t\t\t\t<\/div>\n\t\t\t\t\t<\/div>\n\t\t","protected":false},"excerpt":{"rendered":"<p>\u00a0 Hofk\u00e4serei \/ Produkte \u00a0 Wenn die Kitze keine Milch mehr ben\u00f6tigen, stellen wir aus der wertvollen Ziegenmilch verschiedene K\u00e4sesorten in unserer hofeigenen K\u00e4serei her. Wir machen Quark, Frischk\u00e4se in verschiedenen Variationen, Weichk\u00e4se und Schnittk\u00e4se.<\/p>\n","protected":false},"author":1,"featured_media":0,"parent":0,"menu_order":0,"comment_status":"closed","ping_status":"closed","template":"","meta":{"footnotes":""},"class_list":["post-847","page","type-page","status-publish","hentry","entry"],"_links":{"self":[{"href":"https:\/\/haider-hof.de\/index.php?rest_route=\/wp\/v2\/pages\/847","targetHints":{"allow":["GET"]}}],"collection":[{"href":"https:\/\/haider-hof.de\/index.php?rest_route=\/wp\/v2\/pages"}],"about":[{"href":"https:\/\/haider-hof.de\/index.php?rest_route=\/wp\/v2\/types\/page"}],"author":[{"embeddable":true,"href":"https:\/\/haider-hof.de\/index.php?rest_route=\/wp\/v2\/users\/1"}],"replies":[{"embeddable":true,"href":"https:\/\/haider-hof.de\/index.php?rest_route=%2Fwp%2Fv2%2Fcomments&post=847"}],"version-history":[{"count":10,"href":"https:\/\/haider-hof.de\/index.php?rest_route=\/wp\/v2\/pages\/847\/revisions"}],"predecessor-version":[{"id":1944,"href":"https:\/\/haider-hof.de\/index.php?rest_route=\/wp\/v2\/pages\/847\/revisions\/1944"}],"wp:attachment":[{"href":"https:\/\/haider-hof.de\/index.php?rest_route=%2Fwp%2Fv2%2Fmedia&parent=847"}],"curies":[{"name":"wp","href":"https:\/\/api.w.org\/{rel}","templated":true}]}}